{"id":13152,"date":"2020-05-05T09:31:08","date_gmt":"2020-05-05T07:31:08","guid":{"rendered":"https:\/\/vollzeitfantast.com\/?page_id=13152"},"modified":"2020-07-24T15:10:27","modified_gmt":"2020-07-24T13:10:27","slug":"privacy","status":"publish","type":"page","link":"https:\/\/vollzeitfantast.com\/de\/privacy\/","title":{"rendered":"Datenschutz"},"content":{"rendered":"<p><span style=\"color: #333333;\">Die Betreiber dieser <\/span><span style=\"color: #333333;\">Seiten nehmen den Schutz Ihrer pers\u00f6nlichen Daten sehr ernst. Wir behandeln Ihre personenbezogenen <\/span><span style=\"color: #333333;\">Daten vertraulich und entsprechend der gesetzlichen Datenschutzvorschriften sowie dieser <\/span><span style=\"color: #333333;\">Datenschutzerkl\u00e4rung.<\/span><\/p>\n<p><span style=\"color: #333333;\">Die Nutzung unserer Webseite ist in der Regel ohne Angabe<\/span><br \/>\n<span style=\"color: #333333;\">personenbezogener Daten m\u00f6glich. Soweit auf unseren Seiten personenbezogene Daten (beispielsweise<\/span><br \/>\n<span style=\"color: #333333;\">Name, Anschrift oder E-Mail-Adressen) erhoben werden, erfolgt dies, soweit m\u00f6glich, stets auf freiwilliger<\/span><br \/>\n<span style=\"color: #333333;\">Basis. Diese Daten werden ohne Ihre ausdr\u00fcckliche Zustimmung nicht an Dritte weitergegeben.<\/span><\/p>\n<p><span style=\"color: #333333;\">Wir weisen darauf hin, dass die Daten\u00fcbertragung im Internet (z.B. bei der Kommunikation per E-Mail)<\/span><br \/>\n<span style=\"color: #333333;\">Sicherheitsl\u00fccken aufweisen kann. Ein l\u00fcckenloser Schutz der Daten vor dem Zugriff durch Dritte ist<\/span><br \/>\n<span style=\"color: #333333;\">nicht m\u00f6glich.<\/span><\/p>\n<p>&nbsp;<\/p>\n<p><span style=\"color: #333333;\"><strong>Datenschutzerkl\u00e4rung f\u00fcr die Nutzung von<br \/>\nFacebook-Plugins (Like-Button)<\/strong><\/span><\/p>\n<p><span style=\"color: #333333;\">Auf unseren Seiten sind Plugins des sozialen Netzwerks <\/span><span style=\"color: #333333;\">Facebook, Anbieter Facebook Inc., 1 Hacker Way, Menlo Park, California 94025, USA, integriert. Die Facebook-<\/span><span style=\"color: #333333;\">Plugins erkennen Sie an dem Facebook-Logo oder dem \u201cLike-Button\u201d (\u201cGef\u00e4llt mir\u201d) auf unserer Seite.<\/span><br \/>\n<span style=\"color: #333333;\">Eine \u00dcbersicht \u00fcber die Facebook-Plugins finden Sie hier: <a style=\"color: #333333;\" href=\"http:\/\/developers.facebook.com\/docs\/plugins\/\">http:\/\/developers.facebook.com\/docs\/plugins\/<\/a>.<\/span><\/p>\n<p><span style=\"color: #333333;\">Wenn Sie unsere Seiten besuchen, wird \u00fcber das Plugin eine direkte Verbindung zwischen Ihrem<\/span><br \/>\n<span style=\"color: #333333;\">Browser und dem Facebook-Server hergestellt. Facebook erh\u00e4lt dadurch die Information, dass Sie mit<\/span><br \/>\n<span style=\"color: #333333;\">Ihrer IP-Adresse unsere Seite besucht haben. Wenn Sie den Facebook \u201cLike-Button\u201d anklicken w\u00e4hrend<\/span><br \/>\n<span style=\"color: #333333;\">Sie in Ihrem Facebook-Account eingeloggt sind, k\u00f6nnen Sie die Inhalte unserer Seiten auf Ihrem<\/span><br \/>\n<span style=\"color: #333333;\">Facebook-Profil verlinken. Dadurch kann Facebook den Besuch unserer Seiten Ihrem Benutzerkonto zuordnen.<\/span><br \/>\n<span style=\"color: #333333;\">Wir weisen darauf hin, dass wir als Anbieter der Seiten keine Kenntnis vom Inhalt der \u00fcbermittelten Daten <\/span><span style=\"color: #333333;\">sowie deren Nutzung durch Facebook erhalten. Weitere Informationen hierzu finden Sie in der<\/span><br \/>\n<span style=\"color: #333333;\">Datenschutzerkl\u00e4rung von Facebook unter <a style=\"color: #333333;\" href=\"http:\/\/de-de.facebook.com\/policy.php\">http:\/\/dede.<br \/>\nfacebook.com\/policy.php<\/a>.<\/span><\/p>\n<p><span style=\"color: #333333;\">Wenn Sie nicht <\/span><span style=\"color: #333333;\">w\u00fcnschen, dass Facebook den Besuch unserer Seiten Ihrem Facebook- Nutzerkonto zuordnen kann, <\/span><span style=\"color: #333333;\">loggen Sie sich bitte aus Ihrem Facebook-Benutzerkonto aus.<\/span><\/p>\n<p>&nbsp;<\/p>\n<p><span style=\"color: #333333;\"><strong>Datenschutzerkl\u00e4rung f\u00fcr die Nutzung von Google Analytics<\/strong><\/span><\/p>\n<p><span style=\"color: #333333;\">Diese <\/span><span style=\"color: #333333;\">Website nutzt Funktionen des Webanalysedienstes Google Analytics. Anbieter ist die Google Inc. 1600 <\/span><span style=\"color: #333333;\">Amphitheatre Parkway Mountain View, CA 94043, USA. Google Analytics verwendet sog. \u201cCookies\u201d. Das sind <\/span><span style=\"color: #333333;\">Textdateien, die auf Ihrem Computer gespeichert werden und die eine Analyse der Benutzung der Website <\/span><span style=\"color: #333333;\">durch Sie erm\u00f6glichen. Die durch den Cookie erzeugten Informationen \u00fcber Ihre Benutzung dieser <\/span><span style=\"color: #333333;\">Website werden in der Regel an einen Server von Google in den USA \u00fcbertragen und dort <\/span><span style=\"color: #333333;\">gespeichert.<\/span><\/p>\n<p><span style=\"color: #333333;\">Im Falle der Aktivierung der IP-Anonymisierung auf dieser Webseite wird Ihre IP-Adresse<\/span><br \/>\n<span style=\"color: #333333;\">von Google jedoch innerhalb von Mitgliedstaaten der Europ\u00e4ischen Union oder in anderen Vertragsstaaten <\/span><span style=\"color: #333333;\">des Abkommens \u00fcber den Europ\u00e4ischen Wirtschaftsraum zuvor gek\u00fcrzt. Nur in<\/span><br \/>\n<span style=\"color: #333333;\">Ausnahmef\u00e4llen wird die volle IP-Adresse an einen Server von Google in den USA \u00fcbertragen und<\/span><br \/>\n<span style=\"color: #333333;\">dort gek\u00fcrzt. Im Auftrag des Betreibers dieser Website wird Google diese Informationen benutzen, um Ihre <\/span><span style=\"color: #333333;\">Nutzung der Website auszuwerten, um Reports \u00fcber die Websiteaktivit\u00e4ten zusammenzustellen und <\/span><span style=\"color: #333333;\">um weitere mit der Websitenutzung und der Internetnutzung verbundene Dienstleistungen gegen\u00fcber dem <\/span><span style=\"color: #333333;\">Websitebetreiber zu erbringen. Die im Rahmen von Google Analytics von Ihrem Browser \u00fcbermittelte IPAdresse <\/span><span style=\"color: #333333;\">wird nicht mit anderen Daten von Google zusammengef\u00fchrt.<\/span><\/p>\n<p><span style=\"color: #333333;\">Sie k\u00f6nnen die <\/span><span style=\"color: #333333;\">Speicherung der Cookies durch eine entsprechende Einstellung Ihrer Browser-Software verhindern; wir weisen <\/span><span style=\"color: #333333;\">Sie jedoch darauf hin, dass Sie in diesem Fall gegebenenfalls nicht s\u00e4mtliche Funktionen dieser Website <\/span><span style=\"color: #333333;\">vollumf\u00e4nglich werden nutzen k\u00f6nnen. Sie k\u00f6nnen dar\u00fcber hinaus die Erfassung der <\/span><span style=\"color: #333333;\">durch das Cookie erzeugten und auf Ihre Nutzung der Website bezogenen Daten (inkl. Ihrer IP-Adresse) an <\/span><span style=\"color: #333333;\">Google sowie die Verarbeitung dieser Daten durch Google verhindern, indem sie das unter dem folgenden Link <\/span><span style=\"color: #333333;\">verf\u00fcgbare Browser-Plugin herunterladen und installieren: <a style=\"color: #333333;\" href=\"http:\/\/tools.google.com\/dlpage\/gaoptout?hl=de\">http:\/\/tools.google.com\/dlpage\/gaoptout?hl=de<\/a><\/span><\/p>\n<p>&nbsp;<\/p>\n<p><span style=\"color: #333333;\"><strong>Datenschutzerkl\u00e4rung f\u00fcr die Nutzung von Google +1<\/strong><\/span><\/p>\n<p><span style=\"color: #333333;\">Unsere Seiten <\/span><span style=\"color: #333333;\">nutzen Funktionen von Google +1. Anbieter ist die Google Inc. 1600 Amphitheatre Parkway Mountain View, CA <\/span><span style=\"color: #333333;\">94043, USA.<\/span><\/p>\n<p><span style=\"color: #333333;\">Erfassung und Weitergabe von Informationen: Mithilfe der Google +1-<\/span><br \/>\n<span style=\"color: #333333;\">Schaltfl\u00e4che k\u00f6nnen Sie Informationen weltweit ver\u00f6ffentlichen. \u00fcber die Google +1-<\/span><br \/>\n<span style=\"color: #333333;\">Schaltfl\u00e4che erhalten Sie und andere Nutzer personalisierte Inhalte von Google und unseren Partnern.<\/span><br \/>\n<span style=\"color: #333333;\">Google speichert sowohl die Information, dass Sie f\u00fcr einen Inhalt +1 gegeben haben, als auch<\/span><br \/>\n<span style=\"color: #333333;\">Informationen \u00fcber die Seite, die Sie beim Klicken auf +1 angesehen haben. Ihre +1 k\u00f6nnen als<\/span><br \/>\n<span style=\"color: #333333;\">Hinweise zusammen mit Ihrem Profilnamen und Ihrem Foto in Google-Diensten, wie etwa in Suchergebnissen<\/span><br \/>\n<span style=\"color: #333333;\">oder in Ihrem Google-Profil, oder an anderen Stellen auf Websites und Anzeigen im Internet eingeblendet<\/span><br \/>\n<span style=\"color: #333333;\">werden. Google zeichnet Informationen \u00fcber Ihre +1-Aktivit\u00e4ten auf, um die Google-Dienste f\u00fcr<\/span><br \/>\n<span style=\"color: #333333;\">Sie und andere zu verbessern. Um die Google +1-Schaltfl\u00e4che verwenden zu k\u00f6nnen,<\/span><br \/>\n<span style=\"color: #333333;\">ben\u00f6tigen Sie ein weltweit sichtbares, \u00f6ffentliches Google-Profil, das zumindest den f\u00fcr das<\/span><br \/>\n<span style=\"color: #333333;\">Profil gew\u00e4hlten Namen enthalten muss. Dieser Name wird in allen Google-Diensten verwendet. In<\/span><br \/>\n<span style=\"color: #333333;\">manchen F\u00e4llen kann dieser Name auch einen anderen Namen ersetzen, den Sie beim Teilen von Inhalten <\/span><span style=\"color: #333333;\">\u00fcber Ihr Google-Konto verwendet haben. Die Identit\u00e4t Ihres Google- Profils kann Nutzern angezeigt <\/span><span style=\"color: #333333;\">werden, die Ihre E-Mail-Adresse kennen oder \u00fcber andere identifizierende Informationen von Ihnen <\/span><span style=\"color: #333333;\">verf\u00fcgen.<\/span><\/p>\n<p><span style=\"color: #333333;\">Verwendung der erfassten Informationen: Neben den oben erl\u00e4uterten <\/span><span style=\"color: #333333;\">Verwendungszwecken werden die von Ihnen bereitgestellten Informationen gem\u00e4\u00df den geltenden <\/span><span style=\"color: #333333;\">Google-Datenschutzbestimmungen genutzt. Google ver\u00f6ffentlicht m\u00f6glicherweise <\/span><span style=\"color: #333333;\">zusammengefasste Statistiken \u00fcber die +1-Aktivit\u00e4ten der Nutzer bzw. gibt diese an Nutzer und <\/span><span style=\"color: #333333;\">Partner weiter, wie etwa Publisher, Inserenten oder verbundene Websites.<\/span><\/p>\n<p>&nbsp;<\/p>\n<p><span style=\"color: #333333;\"><strong>Datenschutzerkl\u00e4rung f\u00fcr die Nutzung von Instagram<\/strong><\/span><\/p>\n<p><span style=\"color: #333333;\">Auf unseren <\/span><span style=\"color: #333333;\">Seiten sind Funktionen des Dienstes Instagram eingebunden. Diese Funktionen werden angeboten durch die <\/span><span style=\"color: #333333;\">Instagram Inc., 1601 Willow Road, Menlo Park, CA, 94025, USA integriert. Wenn Sie in Ihrem Instagram \u2013<\/span><span style=\"color: #333333;\">Account eingeloggt sind k\u00f6nnen Sie durch Anklicken des Instagram \u2013 Buttons die Inhalte unserer Seiten<\/span><span style=\"color: #333333;\">mit Ihrem Instagram \u2013 Profil verlinken. Dadurch kann Instagram den Besuch unserer Seiten Ihrem Benutzerkonto <\/span><span style=\"color: #333333;\">zuordnen. Wir weisen darauf hin, dass wir als Anbieter der Seiten keine Kenntnis vom Inhalt der \u00fcbermittelten <\/span><span style=\"color: #333333;\">Daten sowie deren Nutzung durch Instagram erhalten.<\/span><\/p>\n<p><span style=\"color: #333333;\">Weitere Informationen hierzu finden Sie in der <\/span><span style=\"color: #333333;\">Datenschutzerkl\u00e4rung von Instagram: <a style=\"color: #333333;\" href=\"http:\/\/instagram.com\/about\/legal\/privacy\/\">http:\/\/instagram.com\/about\/legal\/privacy\/<\/a><\/span><\/p>\n<p>&nbsp;<\/p>\n<p><span style=\"color: #333333;\"><strong>Datenschutzerkl\u00e4rung f\u00fcr die Nutzung von LinkedIn<\/strong><\/span><\/p>\n<p><span style=\"color: #333333;\">Unsere Website <\/span><span style=\"color: #333333;\">nutzt Funktionen des Netzwerks LinkedIn. Anbieter ist die LinkedIn Corporation, 2029 Stierlin Court, Mountain <\/span><span style=\"color: #333333;\">View, CA 94043, USA. Bei jedem Abruf einer unserer Seiten, die Funktionen von LinkedIn enth\u00e4lt, wird <\/span><span style=\"color: #333333;\">eine Verbindung zu Servern von LinkedIn aufbaut. LinkedIn wird dar\u00fcber informiert, dass Sie unsere <\/span><span style=\"color: #333333;\">Internetseiten mit Ihrer IP-Adresse besucht haben. Wenn Sie den \u201cRecommend-Button\u201d von LinkedIn <\/span><span style=\"color: #333333;\">anklicken und in Ihrem Account bei LinkedIn eingeloggt sind, ist es LinkedIn m\u00f6glich, Ihren Besuch auf <\/span><span style=\"color: #333333;\">unserer Internetseite Ihnen und Ihrem Benutzerkonto zuzuordnen. Wir weisen darauf hin, dass wir als Anbieter <\/span><span style=\"color: #333333;\">der Seiten keine Kenntnis vom Inhalt der \u00fcbermittelten Daten sowie deren Nutzung durch LinkedIn <\/span><span style=\"color: #333333;\">haben.<\/span><\/p>\n<p><span style=\"color: #333333;\">Weitere Informationen hierzu finden Sie in der Datenschutzerkl\u00e4rung von LinkedIn unter:<\/span><br \/>\n<span style=\"color: #333333;\"><a style=\"color: #333333;\" href=\"https:\/\/www.linkedin.com\/legal\/privacy-policy\">https:\/\/www.linkedin.com\/legal\/privacypolicy<\/a><\/span><\/p>\n<p>&nbsp;<\/p>\n<p><span style=\"color: #333333;\"><strong>Datenschutzerkl\u00e4rung f\u00fcr die Nutzung von<br \/>\nPinterest<\/strong><\/span><\/p>\n<p><span style=\"color: #333333;\">Auf unserer Seite verwenden wir Social Plugins des sozialen Netzwerkes Pinterest,<\/span><br \/>\n<span style=\"color: #333333;\">das von der Pinterest Inc., 635 High Street, Palo Alto, CA, 94301, USA (\u201cPinterest\u201d) betrieben wird. Wenn Sie<\/span><br \/>\n<span style=\"color: #333333;\">eine Seite aufrufen die ein solches Plugin enth\u00e4lt, stellt Ihr Browser eine direkte Verbindung zu den<\/span><br \/>\n<span style=\"color: #333333;\">Servern von Pinterest her. Das Plugin \u00fcbermittelt dabei Protokolldaten an den Server von Pinterest in die<\/span><br \/>\n<span style=\"color: #333333;\">USA. Diese Protokolldaten enthalten m\u00f6glicherweise Ihre IP-Adresse, die Adresse der besuchten<\/span><br \/>\n<span style=\"color: #333333;\">Websites, die ebenfalls Pinterest-Funktionen enthalten, Art und Einstellungen des Browsers, Datum und<\/span><br \/>\n<span style=\"color: #333333;\">Zeitpunkt der Anfrage, Ihre Verwendungsweise von Pinterest sowie Cookies.<\/span><\/p>\n<p><span style=\"color: #333333;\">Weitere Informationen zu<\/span><br \/>\n<span style=\"color: #333333;\">Zweck, Umfang und weiterer Verarbeitung und Nutzung der Daten durch Pinterest sowie Ihre<\/span><br \/>\n<span style=\"color: #333333;\">diesbez\u00fcglichen Rechte und M\u00f6glichkeiten zum Schutz Ihrer Privatsph\u00e4re finden Sie in den<\/span><br \/>\n<span style=\"color: #333333;\">den Datenschutzhinweisen von Pinterest: <a style=\"color: #333333;\" href=\"https:\/\/about.pinterest.com\/de\/privacypolicy\"><br \/>\nhttps:\/\/about.pinterest.com\/de\/privacy-policy<\/a><\/span><\/p>\n<p>&nbsp;<\/p>\n<p><span style=\"color: #333333;\"><strong>Datenschutzerkl\u00e4rung f\u00fcr die Nutzung von Twitter<\/strong><\/span><\/p>\n<p><span style=\"color: #333333;\">Auf unseren Seiten<\/span><br \/>\n<span style=\"color: #333333;\">sind Funktionen des Dienstes Twitter eingebunden. Diese Funktionen werden angeboten durch die Twitter Inc.,<\/span><br \/>\n<span style=\"color: #333333;\">1355 Market Street, Suite 900, San Francisco, CA 94103, USA. Durch das Benutzen von Twitter und der<\/span><br \/>\n<span style=\"color: #333333;\">Funktion \u201cRe-Tweet\u201d werden die von Ihnen besuchten Webseiten mit Ihrem Twitter-Account verkn\u00fcpft und<\/span><br \/>\n<span style=\"color: #333333;\">anderen Nutzern bekannt gegeben. Dabei werden auch Daten an Twitter \u00fcbertragen. Wir weisen darauf<\/span><br \/>\n<span style=\"color: #333333;\">hin, dass wir als Anbieter der Seiten keine Kenntnis vom Inhalt der \u00fcbermittelten Daten sowie deren<\/span><br \/>\n<span style=\"color: #333333;\">Nutzung durch Twitter erhalten. Weitere Informationen hierzu finden Sie in der Datenschutzerkl\u00e4rung von<\/span><br \/>\n<span style=\"color: #333333;\">Twitter unter <a style=\"color: #333333;\" href=\"http:\/\/twitter.com\/privacy\">http:\/\/twitter.com\/privacy<\/a>.<\/span><\/p>\n<p><span style=\"color: #333333;\">Ihre<\/span><br \/>\n<span style=\"color: #333333;\">Datenschutzeinstellungen bei Twitter k\u00f6nnen Sie in den Konto-Einstellungen unter <a style=\"color: #333333;\" href=\"http:\/\/twitter.com\/account\/settings\">http:\/\/twitter.com\/account\/settings<\/a><\/span><br \/>\n<span style=\"color: #333333;\">\u00e4ndern.<\/span><\/p>\n<p>&nbsp;<\/p>\n<p><span style=\"color: #333333;\"><strong>Datenschutzerkl\u00e4rung f\u00fcr die Nutzung von<br \/>\nXing<\/strong><\/span><\/p>\n<p><span style=\"color: #333333;\">Unsere Webseite nutzt Funktionen des Netzwerks XING. Anbieter ist die XING AG,<\/span><br \/>\n<span style=\"color: #333333;\">Dammtorstra\u00dfe 29-32, 20354 Hamburg, Deutschland. Bei jedem Abruf einer unserer Seiten, die<\/span><br \/>\n<span style=\"color: #333333;\">Funktionen von Xing enth\u00e4lt, wird eine Verbindung zu Servern von Xing hergestellt. Eine Speicherung von<\/span><br \/>\n<span style=\"color: #333333;\">personenbezogenen Daten erfolgt dabei nach unserer Kenntnis nicht. Insbesondere werden keine IP-Adressen<\/span><br \/>\n<span style=\"color: #333333;\">gespeichert oder das Nutzungsverhalten ausgewertet.<\/span><\/p>\n<p><span style=\"color: #333333;\">Weitere Information zum Datenschutz und dem<\/span><br \/>\n<span style=\"color: #333333;\">Xing Share-Button finden Sie in der Datenschutzerkl\u00e4rung von Xing unter <a style=\"color: #333333;\" href=\"https:\/\/www.xing.com\/app\/share?op=data_protection\">https:\/\/www.xing.com\/app\/share?op=data_protection<\/a><\/span><\/p>\n<p><span style=\"color: #333333;\">&lt;<\/span><\/p>\n<p><span style=\"color: #333333;\"><strong>Datenschutzerkl\u00e4rung f\u00fcr die Nutzung von YouTube<\/strong><\/span><\/p>\n<p><span style=\"color: #333333;\">Unsere Webseite<\/span><br \/>\n<span style=\"color: #333333;\">nutzt Plugins der von Google betriebenen Seite YouTube. Betreiber der Seiten ist die YouTube, LLC, 901 Cherry<\/span><br \/>\n<span style=\"color: #333333;\">Ave., San Bruno, CA 94066, USA. Wenn Sie eine unserer mit einem YouTube-Plugin ausgestatteten Seiten<\/span><br \/>\n<span style=\"color: #333333;\">besuchen, wird eine Verbindung zu den Servern von YouTube hergestellt. Dabei wird dem Youtube-Server<\/span><br \/>\n<span style=\"color: #333333;\">mitgeteilt, welche unserer Seiten Sie besucht haben.<\/span><br \/>\n<span style=\"color: #333333;\">Wenn Sie in Ihrem YouTube-Account eingeloggt sind<\/span><br \/>\n<span style=\"color: #333333;\">erm\u00f6glichen Sie YouTube, Ihr Surfverhalten direkt Ihrem pers\u00f6nlichen Profil zuzuordnen. Dies<\/span><br \/>\n<span style=\"color: #333333;\">k\u00f6nnen Sie verhindern, indem Sie sich aus Ihrem YouTube-Account ausloggen.<\/span><\/p>\n<p><span style=\"color: #333333;\">Weitere<\/span><br \/>\n<span style=\"color: #333333;\">Informationen zum Umgang von Nutzerdaten finden Sie in der Datenschutzerkl\u00e4rung von YouTube unter<\/span><br \/>\n<span style=\"color: #333333;\"><a style=\"color: #333333;\" href=\"https:\/\/www.google.de\/intl\/de\/policies\/privacy\">https:\/\/www.google.de\/intl\/de\/policies\/privacy<\/a><\/span><\/p>\n<p>&nbsp;<\/p>\n<p><span style=\"color: #333333;\"><strong>Cookies<\/strong><\/span><\/p>\n<p><span style=\"color: #333333;\">Die Internetseiten verwenden teilweise so genannte Cookies. Cookies<\/span><br \/>\n<span style=\"color: #333333;\">richten auf Ihrem Rechner keinen Schaden an und enthalten keine Viren. Cookies dienen dazu, unser Angebot<\/span><br \/>\n<span style=\"color: #333333;\">nutzerfreundlicher, effektiver und sicherer zu machen. Cookies sind kleine Textdateien, die auf Ihrem Rechner<\/span><br \/>\n<span style=\"color: #333333;\">abgelegt werden und die Ihr Browser speichert.<\/span><\/p>\n<p><span style=\"color: #333333;\">Die meisten der von uns verwendeten Cookies sind so<\/span><br \/>\n<span style=\"color: #333333;\">genannte \u201eSession-Cookies\u201c. Sie werden nach Ende Ihres Besuchs automatisch gel\u00f6scht.<\/span><br \/>\n<span style=\"color: #333333;\">Andere Cookies bleiben auf Ihrem Endger\u00e4t gespeichert, bis Sie diese l\u00f6schen. Diese Cookies<\/span><br \/>\n<span style=\"color: #333333;\">erm\u00f6glichen es uns, Ihren Browser beim n\u00e4chsten Besuch wiederzuerkennen.<\/span><\/p>\n<p><span style=\"color: #333333;\">Sie<\/span><br \/>\n<span style=\"color: #333333;\">k\u00f6nnen Ihren Browser so einstellen, dass Sie \u00fcber das Setzen von Cookies informiert werden und<\/span><br \/>\n<span style=\"color: #333333;\">Cookies nur im Einzelfall erlauben, die Annahme von Cookies f\u00fcr bestimmte F\u00e4lle oder generell<\/span><br \/>\n<span style=\"color: #333333;\">ausschlie\u00dfen sowie das automatische L\u00f6schen der Cookies beim Schlie\u00dfen des Browser<\/span><br \/>\n<span style=\"color: #333333;\">aktivieren. Bei der Deaktivierung von Cookies kann die Funktionalit\u00e4t dieser Website eingeschr\u00e4nkt<\/span><br \/>\n<span style=\"color: #333333;\">sein.<\/span><\/p>\n<p>&nbsp;<\/p>\n<p><span style=\"color: #333333;\"><strong>Widerspruch Werbe-Mails<\/strong><\/span><\/p>\n<p><span style=\"color: #333333;\">Der Nutzung von im Rahmen<\/span><br \/>\n<span style=\"color: #333333;\">der Impressumspflicht ver\u00f6ffentlichten Kontaktdaten zur \u00dcbersendung von nicht ausdr\u00fccklich<\/span><br \/>\n<span style=\"color: #333333;\">angeforderter Werbung und Informationsmaterialien wird hiermit widersprochen. Die Betreiber der Seiten<\/span><br \/>\n<span style=\"color: #333333;\">behalten sich ausdr\u00fccklich rechtliche Schritte im Falle der unverlangten Zusendung von<\/span><br \/>\n<span style=\"color: #333333;\">Werbeinformationen, etwa durch Spam-E-Mails, vor.<\/span><\/p>\n<p>&nbsp;<\/p>\n<p><span style=\"color: #333333;\"><strong>Newsletterdaten<\/strong><\/span><\/p>\n<p><span style=\"color: #333333;\">Wenn Sie den auf der Webseite angebotenen Newsletter<\/span><br \/>\n<span style=\"color: #333333;\">beziehen m\u00f6chten, ben\u00f6tigen wir von Ihnen eine E-Mail-Adresse sowie Informationen, welche uns<\/span><br \/>\n<span style=\"color: #333333;\">die \u00dcberpr\u00fcfung gestatten, dass Sie der Inhaber der angegebenen E-Mail-Adresse sind und mit dem<\/span><br \/>\n<span style=\"color: #333333;\">Empfang des Newsletters einverstanden sind. Weitere Daten werden nicht erhoben. Diese Daten verwenden wir<\/span><br \/>\n<span style=\"color: #333333;\">ausschlie\u00dflich f\u00fcr den Versand der angeforderten Informationen und geben sie nicht an Dritte<\/span><br \/>\n<span style=\"color: #333333;\">weiter.<\/span><\/p>\n<p><span style=\"color: #333333;\">Die erteilte Einwilligung zur Speicherung der Daten, der E-Mail-Adresse sowie deren Nutzung<\/span><br \/>\n<span style=\"color: #333333;\">zum Versand des Newsletters k\u00f6nnen Sie jederzeit widerrufen , etwa \u00fcber den<\/span><br \/>\n<span style=\"color: #333333;\">\u201eAustragen\u201c-Link im Newsletter.<\/span><\/p>","protected":false},"excerpt":{"rendered":"<p>Die Betreiber dieser Seiten nehmen den Schutz Ihrer pers\u00f6nlichen Daten sehr ernst. Wir [&hellip;]<\/p>","protected":false},"author":1,"featured_media":0,"parent":0,"menu_order":0,"comment_status":"closed","ping_status":"closed","template":"","meta":{"footnotes":""},"yst_prominent_words":[394,395,392,404,386,385,396,402,388,387,391,401,398,399,397,389,400,403,393,390],"yoast_head":"<!-- This site is optimized with the Yoast SEO Premium plugin v14.6.1 - https:\/\/yoast.com\/wordpress\/plugins\/seo\/ -->\n<title>Privacy - BASSM3DIA.COM | YOUR SUCCESS ONLINE<\/title>\n<meta name=\"robots\" content=\"noindex, follow\" \/>\n<meta property=\"og:locale\" content=\"de_DE\" \/>\n<meta property=\"og:type\" content=\"article\" \/>\n<meta property=\"og:title\" content=\"Privacy - BASSM3DIA.COM | YOUR SUCCESS ONLINE\" \/>\n<meta property=\"og:description\" content=\"Die Betreiber dieser Seiten nehmen den Schutz Ihrer pers\u00f6nlichen Daten sehr ernst. Wir [&hellip;]\" \/>\n<meta property=\"og:url\" content=\"https:\/\/vollzeitfantast.com\/de\/privacy\/\" \/>\n<meta property=\"og:site_name\" content=\"BASSM3DIA.COM | YOUR SUCCESS ONLINE\" \/>\n<meta property=\"article:modified_time\" content=\"2020-07-24T13:10:27+00:00\" \/>\n<meta name=\"twitter:card\" content=\"summary_large_image\" \/>\n<script type=\"application\/ld+json\" class=\"yoast-schema-graph\">{\"@context\":\"https:\/\/schema.org\",\"@graph\":[{\"@type\":\"WebSite\",\"@id\":\"https:\/\/vollzeitfantast.com\/de\/#website\",\"url\":\"https:\/\/vollzeitfantast.com\/de\/\",\"name\":\"BASSM3DIA.COM | YOUR SUCCESS ONLINE\",\"description\":\"Digital Internet Agency 2020\",\"potentialAction\":[{\"@type\":\"SearchAction\",\"target\":\"https:\/\/vollzeitfantast.com\/de\/?s={search_term_string}\",\"query-input\":\"required name=search_term_string\"}],\"inLanguage\":\"de\"},{\"@type\":\"WebPage\",\"@id\":\"https:\/\/vollzeitfantast.com\/de\/privacy\/#webpage\",\"url\":\"https:\/\/vollzeitfantast.com\/de\/privacy\/\",\"name\":\"Privacy - BASSM3DIA.COM | YOUR SUCCESS ONLINE\",\"isPartOf\":{\"@id\":\"https:\/\/vollzeitfantast.com\/de\/#website\"},\"datePublished\":\"2020-05-05T07:31:08+00:00\",\"dateModified\":\"2020-07-24T13:10:27+00:00\",\"inLanguage\":\"de\",\"potentialAction\":[{\"@type\":\"ReadAction\",\"target\":[\"https:\/\/vollzeitfantast.com\/de\/privacy\/\"]}]}]}<\/script>\n<!-- \/ Yoast SEO Premium plugin. -->","_links":{"self":[{"href":"https:\/\/vollzeitfantast.com\/de\/wp-json\/wp\/v2\/pages\/13152"}],"collection":[{"href":"https:\/\/vollzeitfantast.com\/de\/wp-json\/wp\/v2\/pages"}],"about":[{"href":"https:\/\/vollzeitfantast.com\/de\/wp-json\/wp\/v2\/types\/page"}],"author":[{"embeddable":true,"href":"https:\/\/vollzeitfantast.com\/de\/wp-json\/wp\/v2\/users\/1"}],"replies":[{"embeddable":true,"href":"https:\/\/vollzeitfantast.com\/de\/wp-json\/wp\/v2\/comments?post=13152"}],"version-history":[{"count":0,"href":"https:\/\/vollzeitfantast.com\/de\/wp-json\/wp\/v2\/pages\/13152\/revisions"}],"wp:attachment":[{"href":"https:\/\/vollzeitfantast.com\/de\/wp-json\/wp\/v2\/media?parent=13152"}],"wp:term":[{"taxonomy":"yst_prominent_words","embeddable":true,"href":"https:\/\/vollzeitfantast.com\/de\/wp-json\/wp\/v2\/yst_prominent_words?post=13152"}],"curies":[{"name":"wp","href":"https:\/\/api.w.org\/{rel}","templated":true}]}}