{"id":10887,"date":"2014-10-11T14:59:42","date_gmt":"2014-10-11T12:59:42","guid":{"rendered":"https:\/\/avada.theme-fusion.com_demos\/portfolio\/?page_id=10887"},"modified":"2020-09-05T12:30:11","modified_gmt":"2020-09-05T10:30:11","slug":"contact-us","status":"publish","type":"page","link":"https:\/\/vollzeitfantast.com\/de\/contact-us\/","title":{"rendered":"Kontakt"},"content":{"rendered":"<div class=\"fusion-fullwidth fullwidth-box fusion-builder-row-1 hundred-percent-fullwidth non-hundred-percent-height-scrolling\" style=\"background-color: #ffffff;background-position: left top;background-repeat: repeat;padding-top:0px;padding-right:0px;padding-bottom:50px;padding-left:0px;margin-bottom: 0px;margin-top: 0px;border-width: 0px 0px 0px 0px;border-color:#eae9e9;border-style:solid;\" ><div class=\"fusion-builder-row fusion-row\"><div class=\"fusion-layout-column fusion_builder_column fusion-builder-column-0 fusion_builder_column_1_1 1_1 fusion-one-full fusion-column-first fusion-column-last fusion-animated\" style=\"margin-top:0px;margin-bottom:20px;\" data-animationtype=\"fadeInUp\" data-animationduration=\"0.9\" data-animationoffset=\"top-into-view\"><div class=\"fusion-column-wrapper fusion-flex-column-wrapper-legacy\" style=\"background-position:left top;background-repeat:no-repeat;-webkit-background-size:cover;-moz-background-size:cover;-o-background-size:cover;background-size:cover;padding: 0px 0px 0px 0px;\"><div class=\"fusion-text fusion-text-1\"><h1 style=\"text-align: center;\"><span style=\"color: #333333;\">Wir freuen uns, von Ihren Online-Pl\u00e4nen zu h\u00f6ren<\/span><\/h1>\n<\/div><div class=\"fusion-sep-clear\"><\/div><div class=\"fusion-separator\" style=\"margin-left: auto;margin-right: auto;margin-top:5px;margin-bottom:45px;width:100%;max-width:200px;\"><div class=\"fusion-separator-border sep-single sep-solid\" style=\"border-color:#e0e0e0;border-top-width:1px;\"><\/div><\/div><div class=\"fusion-sep-clear\"><\/div><div class=\"fusion-clearfix\"><\/div><\/div><\/div><div class=\"fusion-layout-column fusion_builder_column fusion-builder-column-1 fusion_builder_column_1_2 1_2 fusion-one-half fusion-column-first\" style=\"width:48%; margin-right: 4%;margin-top:0px;margin-bottom:20px;\"><div class=\"fusion-column-wrapper fusion-flex-column-wrapper-legacy\" style=\"background-position:left top;background-repeat:no-repeat;-webkit-background-size:cover;-moz-background-size:cover;-o-background-size:cover;background-size:cover;padding: 20px 0px 0px 0px;\"><div class=\"imageframe-align-center\"><span class=\"fusion-imageframe imageframe-none imageframe-1 hover-type-none fusion-animated\" style=\"border-radius:5px;\" data-animationtype=\"fadeInUp\" data-animationduration=\"0.8\" data-animationoffset=\"top-into-view\"><a class=\"fusion-no-lightbox\" href=\"#contactform\" target=\"_self\" aria-label=\"Depositphotos_223450456_s-2019\"><img decoding=\"async\" width=\"667\" height=\"999\" alt=\"Contact Us Secretary\" src=\"https:\/\/vollzeitfantast.com\/wp-content\/uploads\/2020\/06\/Depositphotos_223450456_s-2019.jpg\" class=\"img-responsive wp-image-14000\" srcset=\"https:\/\/vollzeitfantast.com\/wp-content\/uploads\/2020\/06\/Depositphotos_223450456_s-2019-200x300.jpg 200w, https:\/\/vollzeitfantast.com\/wp-content\/uploads\/2020\/06\/Depositphotos_223450456_s-2019-400x599.jpg 400w, https:\/\/vollzeitfantast.com\/wp-content\/uploads\/2020\/06\/Depositphotos_223450456_s-2019-600x899.jpg 600w, https:\/\/vollzeitfantast.com\/wp-content\/uploads\/2020\/06\/Depositphotos_223450456_s-2019.jpg 667w\" sizes=\"(max-width: 1100px) 100vw, 600px\" \/><\/a><\/span><\/div><div class=\"fusion-clearfix\"><\/div><\/div><\/div><div class=\"fusion-layout-column fusion_builder_column fusion-builder-column-2 fusion_builder_column_1_2 1_2 fusion-one-half fusion-column-last fusion-animated\" style=\"width:48%;margin-top:0px;margin-bottom:20px;\" data-animationtype=\"fadeInUp\" data-animationduration=\"0.8\" data-animationoffset=\"top-into-view\"><div class=\"fusion-column-wrapper fusion-flex-column-wrapper-legacy\" style=\"background-position:left top;background-repeat:no-repeat;-webkit-background-size:cover;-moz-background-size:cover;-o-background-size:cover;background-size:cover;background-color:#ffffff;padding: 20px 0px 0px 0px;\"><div class=\"fusion-text fusion-text-2\"><p style=\"text-align: center;\" class=\" translation-block\">Wir freuen uns darauf, von Ihnen zu h\u00f6ren! Sie k\u00f6nnen w\u00e4hlen, wie Sie mit uns in Kontakt treten m\u00f6chten, ganz nach Ihren W\u00fcnschen. Wenn Sie allgemeine Fragen haben, k\u00f6nnen Sie entweder das Kontaktformular benutzen oder den Messenger-Button unten rechts auf dieser Seite ausprobieren. Wenn Sie eine Anfrage zu einer Website oder einem anderen Online-Projekt haben, k\u00f6nnen Sie hier auch das <a href=\"\/de\/kunden-fragebogen\/\">Kundenfragebogenformular<\/a> ausf\u00fcllen.  Dieses Formular dient dazu, mehr \u00fcber Sie und Ihre Projekte zu erfahren.<\/p>\n<\/div><div class=\"fusion-sep-clear\"><\/div><div class=\"fusion-separator\" style=\"margin-left: auto;margin-right: auto;margin-top:25px;margin-bottom:0px;width:100%;max-width:200px;\"><\/div><div class=\"fusion-sep-clear\"><\/div><div class=\"fusion-sep-clear\"><\/div><div class=\"fusion-separator\" style=\"margin-left: auto;margin-right: auto;margin-top:5px;margin-bottom:20px;width:100%;max-width:200px;\"><div class=\"fusion-separator-border sep-single sep-solid\" style=\"border-color:#e0e0e0;border-top-width:1px;\"><\/div><\/div><div class=\"fusion-sep-clear\"><\/div><div class=\"fusion-text fusion-text-3\"><p style=\"text-align: center;\"><span style=\"color: #808080;\"><strong>Virtuelle B\u00fcros Weltweit<br \/>\nPostadresse:<\/strong> Bestener Stra\u00dfet 188a, 46282 Dorsten, Deutschland<\/span><br \/>\n<span style=\"color: #808080;\"><strong>Telefon:<\/strong> +49 15678 746736<\/span><br \/>\n<span style=\"color: #808080;\"><strong>Email:<\/strong> <\/span><a href=\"#\" target=\"_top\" rel=\"noopener noreferrer\"><span style=\"color: #808080;\">info@bassm3dia.com<\/span><\/a><\/p>\n<\/div><div class=\"fusion-menu-anchor\" id=\"contactform\"><\/div><div class=\"fusion-sep-clear\"><\/div><div class=\"fusion-separator\" style=\"margin-left: auto;margin-right: auto;margin-top:5px;margin-bottom:20px;width:100%;max-width:200px;\"><\/div><div class=\"fusion-sep-clear\"><\/div>\n<div class=\"wpcf7 no-js\" id=\"wpcf7-f11449-o1\" lang=\"en-US\" dir=\"ltr\">\n<div class=\"screen-reader-response\"><p role=\"status\" aria-live=\"polite\" aria-atomic=\"true\"><\/p> <ul><\/ul><\/div>\n<form action=\"\/wp-json\/wp\/v2\/pages\/10887\" method=\"post\" class=\"wpcf7-form init\" aria-label=\"Contact form\" novalidate=\"novalidate\" data-status=\"init\" data-trp-original-action=\"\/de\/wp-json\/wp\/v2\/pages\/10887#wpcf7-f11449-o1\">\n<div style=\"display: none;\">\n<input type=\"hidden\" name=\"_wpcf7\" value=\"11449\" \/>\n<input type=\"hidden\" name=\"_wpcf7_version\" value=\"5.9.8\" \/>\n<input type=\"hidden\" name=\"_wpcf7_locale\" value=\"en_US\" \/>\n<input type=\"hidden\" name=\"_wpcf7_unit_tag\" value=\"wpcf7-f11449-o1\" \/>\n<input type=\"hidden\" name=\"_wpcf7_container_post\" value=\"0\" \/>\n<input type=\"hidden\" name=\"_wpcf7_posted_data_hash\" value=\"\" \/>\n<input type=\"hidden\" name=\"_wpcf7_recaptcha_response\" value=\"\" \/>\n<\/div>\n<p><label>Ihr Name *<br \/>\n<span class=\"wpcf7-form-control-wrap\" data-name=\"your-name\"><input size=\"40\" maxlength=\"400\" class=\"wpcf7-form-control wpcf7-text wpcf7-validates-as-required\" aria-required=\"true\" aria-invalid=\"false\" value=\"\" type=\"text\" name=\"your-name\" \/><\/span> <\/label>\n<\/p>\n<p><label>Ihre Email *<br \/>\n<span class=\"wpcf7-form-control-wrap\" data-name=\"your-email\"><input size=\"40\" maxlength=\"400\" class=\"wpcf7-form-control wpcf7-email wpcf7-validates-as-required wpcf7-text wpcf7-validates-as-email\" aria-required=\"true\" aria-invalid=\"false\" value=\"\" type=\"email\" name=\"your-email\" \/><\/span> <\/label>\n<\/p>\n<p><label>Betreff<br \/>\n<span class=\"wpcf7-form-control-wrap\" data-name=\"your-subject\"><input size=\"40\" maxlength=\"400\" class=\"wpcf7-form-control wpcf7-text\" aria-invalid=\"false\" value=\"\" type=\"text\" name=\"your-subject\" \/><\/span> <\/label>\n<\/p>\n<p><label>Ihre Nachricht<br \/>\n<span class=\"wpcf7-form-control-wrap\" data-name=\"your-message\"><textarea cols=\"40\" rows=\"10\" maxlength=\"2000\" class=\"wpcf7-form-control wpcf7-textarea\" aria-invalid=\"false\" name=\"your-message\"><\/textarea><\/span> <\/label>\n<\/p>\n<p><input class=\"wpcf7-form-control wpcf7-submit has-spinner\" type=\"submit\" value=\"Senden\" \/>\n<\/p>\n<p><span class=\"wpcf7-form-control-wrap\" data-name=\"acceptance-131\"><span class=\"wpcf7-form-control wpcf7-acceptance optional\"><span class=\"wpcf7-list-item\"><input type=\"checkbox\" name=\"acceptance-131\" value=\"1\" aria-invalid=\"false\" \/><\/span><\/span><\/span>Ich bin damit einverstanden, dass meine Daten f\u00fcr die Kontaktaufnahme gespeichert werden. F\u00fcr weitere Informationen lesen Sie die <a href=\"\/de\/privacy\/\">Datenschutzerkl\u00e4rung<\/a>\n<\/p><div class=\"fusion-alert alert custom alert-custom fusion-alert-center wpcf7-response-output fusion-alert-capitalize alert-dismissable\" style=\"border-width:1px;\"><button type=\"button\" class=\"close toggle-alert\" data-dismiss=\"alert\" aria-label=\"Close\">&times;<\/button><div class=\"fusion-alert-content-wrapper\"><span class=\"fusion-alert-content\"><\/span><\/div><\/div>\n<input type=\"hidden\" name=\"trp-form-language\" value=\"de\"\/><\/form>\n<\/div>\n<div class=\"fusion-clearfix\"><\/div><\/div><\/div><\/div><\/div>","protected":false},"excerpt":{"rendered":"","protected":false},"author":1,"featured_media":0,"parent":0,"menu_order":0,"comment_status":"open","ping_status":"closed","template":"100-width.php","meta":{"footnotes":""},"yst_prominent_words":[285,286,282,272,287],"yoast_head":"<!-- This site is optimized with the Yoast SEO Premium plugin v14.6.1 - https:\/\/yoast.com\/wordpress\/plugins\/seo\/ -->\n<title>Contact - BASSM3DIA.COM | YOUR SUCCESS ONLINE<\/title>\n<meta name=\"robots\" content=\"noindex, follow\" \/>\n<meta property=\"og:locale\" content=\"de_DE\" \/>\n<meta property=\"og:type\" content=\"article\" \/>\n<meta property=\"og:title\" content=\"Contact - BASSM3DIA.COM | YOUR SUCCESS ONLINE\" \/>\n<meta property=\"og:url\" content=\"https:\/\/vollzeitfantast.com\/de\/contact-us\/\" \/>\n<meta property=\"og:site_name\" content=\"BASSM3DIA.COM | YOUR SUCCESS ONLINE\" \/>\n<meta property=\"article:modified_time\" content=\"2020-09-05T10:30:11+00:00\" \/>\n<meta name=\"twitter:card\" content=\"summary_large_image\" \/>\n<script type=\"application\/ld+json\" class=\"yoast-schema-graph\">{\"@context\":\"https:\/\/schema.org\",\"@graph\":[{\"@type\":\"WebSite\",\"@id\":\"https:\/\/vollzeitfantast.com\/de\/#website\",\"url\":\"https:\/\/vollzeitfantast.com\/de\/\",\"name\":\"BASSM3DIA.COM | YOUR SUCCESS ONLINE\",\"description\":\"Digital Internet Agency 2020\",\"potentialAction\":[{\"@type\":\"SearchAction\",\"target\":\"https:\/\/vollzeitfantast.com\/de\/?s={search_term_string}\",\"query-input\":\"required name=search_term_string\"}],\"inLanguage\":\"de\"},{\"@type\":\"WebPage\",\"@id\":\"https:\/\/vollzeitfantast.com\/de\/contact-us\/#webpage\",\"url\":\"https:\/\/vollzeitfantast.com\/de\/contact-us\/\",\"name\":\"Contact - BASSM3DIA.COM | YOUR SUCCESS ONLINE\",\"isPartOf\":{\"@id\":\"https:\/\/vollzeitfantast.com\/de\/#website\"},\"datePublished\":\"2014-10-11T12:59:42+00:00\",\"dateModified\":\"2020-09-05T10:30:11+00:00\",\"inLanguage\":\"de\",\"potentialAction\":[{\"@type\":\"ReadAction\",\"target\":[\"https:\/\/vollzeitfantast.com\/de\/contact-us\/\"]}]}]}<\/script>\n<!-- \/ Yoast SEO Premium plugin. -->","_links":{"self":[{"href":"https:\/\/vollzeitfantast.com\/de\/wp-json\/wp\/v2\/pages\/10887"}],"collection":[{"href":"https:\/\/vollzeitfantast.com\/de\/wp-json\/wp\/v2\/pages"}],"about":[{"href":"https:\/\/vollzeitfantast.com\/de\/wp-json\/wp\/v2\/types\/page"}],"author":[{"embeddable":true,"href":"https:\/\/vollzeitfantast.com\/de\/wp-json\/wp\/v2\/users\/1"}],"replies":[{"embeddable":true,"href":"https:\/\/vollzeitfantast.com\/de\/wp-json\/wp\/v2\/comments?post=10887"}],"version-history":[{"count":5,"href":"https:\/\/vollzeitfantast.com\/de\/wp-json\/wp\/v2\/pages\/10887\/revisions"}],"predecessor-version":[{"id":14956,"href":"https:\/\/vollzeitfantast.com\/de\/wp-json\/wp\/v2\/pages\/10887\/revisions\/14956"}],"wp:attachment":[{"href":"https:\/\/vollzeitfantast.com\/de\/wp-json\/wp\/v2\/media?parent=10887"}],"wp:term":[{"taxonomy":"yst_prominent_words","embeddable":true,"href":"https:\/\/vollzeitfantast.com\/de\/wp-json\/wp\/v2\/yst_prominent_words?post=10887"}],"curies":[{"name":"wp","href":"https:\/\/api.w.org\/{rel}","templated":true}]}}